{"id":3,"date":"2024-08-16T13:46:21","date_gmt":"2024-08-16T13:46:21","guid":{"rendered":"https:\/\/watsu-bettinaaumayr.at\/?page_id=3"},"modified":"2024-11-04T20:13:23","modified_gmt":"2024-11-04T20:13:23","slug":"privacy-policy","status":"publish","type":"page","link":"https:\/\/watsu-bettinaaumayr.at\/?page_id=3","title":{"rendered":"|  Datenschutzerkl\u00e4rung"},"content":{"rendered":"\n<div style=\"height:217px\" aria-hidden=\"true\" class=\"wp-block-spacer\"><\/div>\n\n\n\n<h1 class=\"wp-block-heading uag-hide-tab uag-hide-mob\">Datenschutzerkl\u00e4rung<\/h1>\n\n\n\n<div class=\"wp-block-uagb-advanced-heading uagb-block-753dd913 uag-hide-desktop\"><h2 class=\"uagb-heading-text\">Datenschutzerkl\u00e4rung<\/h2><\/div>\n\n\n\n<div style=\"height:100px\" aria-hidden=\"true\" class=\"wp-block-spacer\"><\/div>\n\n\n\n<h4 class=\"wp-block-heading\">1. Einleitung<\/h4>\n\n\n\n<p>Wir freuen uns, dass Sie unsere Website <strong>watsu-bettinaaumayr.at<\/strong> besuchen. Der Schutz Ihrer pers\u00f6nlichen Daten ist uns sehr wichtig. In dieser Datenschutzerkl\u00e4rung informieren wir Sie dar\u00fcber, wie wir Ihre Daten erheben, verarbeiten und nutzen, wenn Sie unsere Website besuchen.<\/p>\n\n\n\n<h4 class=\"wp-block-heading\">2. Erhebung und Speicherung personenbezogener Daten<\/h4>\n\n\n\n<p>Wir erheben und speichern personenbezogene Daten nur im notwendigen Umfang und im Rahmen der gesetzlichen Vorschriften. Zu den personenbezogenen Daten z\u00e4hlen z.B. Name, E-Mail-Adresse, Telefonnummer oder IP-Adresse.<\/p>\n\n\n\n<h4 class=\"wp-block-heading\">3. Verwendungszwecke<\/h4>\n\n\n\n<p>Wir verwenden Ihre personenbezogenen Daten zu folgenden Zwecken:<\/p>\n\n\n\n<ul class=\"wp-block-list\">\n<li>Zur Bereitstellung unserer Website und zur Beantwortung Ihrer Anfragen<\/li>\n\n\n\n<li>Zur Durchf\u00fchrung von Terminen<\/li>\n\n\n\n<li>F\u00fcr administrative Zwecke im Zusammenhang mit Ihrer Buchung<\/li>\n<\/ul>\n\n\n\n<h4 class=\"wp-block-heading\">4. Kontaktformular<\/h4>\n\n\n\n<p>Wenn Sie uns \u00fcber das Kontaktformular kontaktieren, werden die von Ihnen angegebenen Daten zur Bearbeitung Ihrer Anfrage und f\u00fcr den Fall von Anschlussfragen bei uns gespeichert. Diese Daten geben wir nicht ohne Ihre Einwilligung weiter.<\/p>\n\n\n\n<h4 class=\"wp-block-heading\">5. Ihre Rechte<\/h4>\n\n\n\n<p>Sie haben das Recht auf Auskunft, Berichtigung, L\u00f6schung, Einschr\u00e4nkung der Verarbeitung, Daten\u00fcbertragbarkeit sowie Widerspruch gegen die Verarbeitung Ihrer personenbezogenen Daten. <\/p>\n\n\n\n<h4 class=\"wp-block-heading\">6. \u00c4nderungen dieser Datenschutzerkl\u00e4rung<\/h4>\n\n\n\n<p>Wir behalten uns das Recht vor, diese Datenschutzerkl\u00e4rung anzupassen, um sie an ge\u00e4nderte rechtliche Anforderungen oder bei \u00c4nderungen der Dienste anzupassen. Die jeweils aktuelle Version finden Sie auf unserer Website.<\/p>\n\n\n\n<div style=\"height:135px\" aria-hidden=\"true\" class=\"wp-block-spacer\"><\/div>\n\n\n\n<div class=\"wp-block-uagb-container uagb-block-8f5266af alignfull uagb-is-root-container\"><div class=\"uagb-container__shape uagb-container__shape-bottom uagb-container__invert\" data-negative=\"false\"><svg xmlns=\"https:\/\/www.w3.org\/2000\/svg\" viewBox=\"0 0 283.5 27.8\" preserveAspectRatio=\"none\"><path class=\"uagb-container__shape-fill\" d=\"M283.5,9.7c0,0-7.3,4.3-14,4.6c-6.8,0.3-12.6,0-20.9-1.5c-11.3-2-33.1-10.1-44.7-5.7\ts-12.1,4.6-18,7.4c-6.6,3.2-20,9.6-36.6,9.3C131.6,23.5,99.5,7.2,86.3,8c-1.4,0.1-6.6,0.8-10.5,2c-3.8,1.2-9.4,3.8-17,4.7\tc-3.2,0.4-8.3,1.1-14.2,0.9c-1.5-0.1-6.3-0.4-12-1.6c-5.7-1.2-11-3.1-15.8-3.7C6.5,9.2,0,10.8,0,10.8V0h283.5V9.7z M260.8,11.3\tc-0.7-1-2-0.4-4.3-0.4c-2.3,0-6.1-1.2-5.8-1.1c0.3,0.1,3.1,1.5,6,1.9C259.7,12.2,261.4,12.3,260.8,11.3z M242.4,8.6\tc0,0-2.4-0.2-5.6-0.9c-3.2-0.8-10.3-2.8-15.1-3.5c-8.2-1.1-15.8,0-15.1,0.1c0.8,0.1,9.6-0.6,17.6,1.1c3.3,0.7,9.3,2.2,12.4,2.7\tC239.9,8.7,242.4,8.6,242.4,8.6z M185.2,8.5c1.7-0.7-13.3,4.7-18.5,6.1c-2.1,0.6-6.2,1.6-10,2c-3.9,0.4-8.9,0.4-8.8,0.5\tc0,0.2,5.8,0.8,11.2,0c5.4-0.8,5.2-1.1,7.6-1.6C170.5,14.7,183.5,9.2,185.2,8.5z M199.1,6.9c0.2,0-0.8-0.4-4.8,1.1\tc-4,1.5-6.7,3.5-6.9,3.7c-0.2,0.1,3.5-1.8,6.6-3C197,7.5,199,6.9,199.1,6.9z M283,6c-0.1,0.1-1.9,1.1-4.8,2.5s-6.9,2.8-6.7,2.7\tc0.2,0,3.5-0.6,7.4-2.5C282.8,6.8,283.1,5.9,283,6z M31.3,11.6c0.1-0.2-1.9-0.2-4.5-1.2s-5.4-1.6-7.8-2C15,7.6,7.3,8.5,7.7,8.6\tC8,8.7,15.9,8.3,20.2,9.3c2.2,0.5,2.4,0.5,5.7,1.6S31.2,11.9,31.3,11.6z M73,9.2c0.4-0.1,3.5-1.6,8.4-2.6c4.9-1.1,8.9-0.5,8.9-0.8\tc0-0.3-1-0.9-6.2-0.3S72.6,9.3,73,9.2z M71.6,6.7C71.8,6.8,75,5.4,77.3,5c2.3-0.3,1.9-0.5,1.9-0.6c0-0.1-1.1-0.2-2.7,0.2\tC74.8,5.1,71.4,6.6,71.6,6.7z M93.6,4.4c0.1,0.2,3.5,0.8,5.6,1.8c2.1,1,1.8,0.6,1.9,0.5c0.1-0.1-0.8-0.8-2.4-1.3\tC97.1,4.8,93.5,4.2,93.6,4.4z M65.4,11.1c-0.1,0.3,0.3,0.5,1.9-0.2s2.6-1.3,2.2-1.2s-0.9,0.4-2.5,0.8C65.3,10.9,65.5,10.8,65.4,11.1\tz M34.5,12.4c-0.2,0,2.1,0.8,3.3,0.9c1.2,0.1,2,0.1,2-0.2c0-0.3-0.1-0.5-1.6-0.4C36.6,12.8,34.7,12.4,34.5,12.4z M152.2,21.1\tc-0.1,0.1-2.4-0.3-7.5-0.3c-5,0-13.6-2.4-17.2-3.5c-3.6-1.1,10,3.9,16.5,4.1C150.5,21.6,152.3,21,152.2,21.1z\"><\/path><path class=\"uagb-container__shape-fill\" d=\"M269.6,18c-0.1-0.1-4.6,0.3-7.2,0c-7.3-0.7-17-3.2-16.6-2.9c0.4,0.3,13.7,3.1,17,3.3\tC267.7,18.8,269.7,18,269.6,18z\"><\/path><path class=\"uagb-container__shape-fill\" d=\"M227.4,9.8c-0.2-0.1-4.5-1-9.5-1.2c-5-0.2-12.7,0.6-12.3,0.5c0.3-0.1,5.9-1.8,13.3-1.2\tS227.6,9.9,227.4,9.8z\"><\/path><path class=\"uagb-container__shape-fill\" d=\"M204.5,13.4c-0.1-0.1,2-1,3.2-1.1c1.2-0.1,2,0,2,0.3c0,0.3-0.1,0.5-1.6,0.4\tC206.4,12.9,204.6,13.5,204.5,13.4z\"><\/path><path class=\"uagb-container__shape-fill\" d=\"M201,10.6c0-0.1-4.4,1.2-6.3,2.2c-1.9,0.9-6.2,3.1-6.1,3.1c0.1,0.1,4.2-1.6,6.3-2.6\tS201,10.7,201,10.6z\"><\/path><path class=\"uagb-container__shape-fill\" d=\"M154.5,26.7c-0.1-0.1-4.6,0.3-7.2,0c-7.3-0.7-17-3.2-16.6-2.9c0.4,0.3,13.7,3.1,17,3.3\tC152.6,27.5,154.6,26.8,154.5,26.7z\"><\/path><path class=\"uagb-container__shape-fill\" d=\"M41.9,19.3c0,0,1.2-0.3,2.9-0.1c1.7,0.2,5.8,0.9,8.2,0.7c4.2-0.4,7.4-2.7,7-2.6\tc-0.4,0-4.3,2.2-8.6,1.9c-1.8-0.1-5.1-0.5-6.7-0.4S41.9,19.3,41.9,19.3z\"><\/path><path class=\"uagb-container__shape-fill\" d=\"M75.5,12.6c0.2,0.1,2-0.8,4.3-1.1c2.3-0.2,2.1-0.3,2.1-0.5c0-0.1-1.8-0.4-3.4,0\tC76.9,11.5,75.3,12.5,75.5,12.6z\"><\/path><path class=\"uagb-container__shape-fill\" d=\"M15.6,13.2c0-0.1,4.3,0,6.7,0.5c2.4,0.5,5,1.9,5,2c0,0.1-2.7-0.8-5.1-1.4\tC19.9,13.7,15.7,13.3,15.6,13.2z\"><\/path><\/svg><\/div><div class=\"uagb-container-inner-blocks-wrap\"><\/div><\/div>\n","protected":false},"excerpt":{"rendered":"<p>Datenschutzerkl\u00e4rung Datenschutzerkl\u00e4rung 1. Einleitung Wir freuen uns, dass Sie unsere Website watsu-bettinaaumayr.at besuchen. Der Schutz Ihrer pers\u00f6nlichen Daten ist uns [&hellip;]<\/p>\n","protected":false},"author":1,"featured_media":0,"parent":0,"menu_order":0,"comment_status":"closed","ping_status":"open","template":"","meta":{"_uag_custom_page_level_css":"","site-sidebar-layout":"default","site-content-layout":"","ast-site-content-layout":"default","site-content-style":"default","site-sidebar-style":"default","ast-global-header-display":"","ast-banner-title-visibility":"","ast-main-header-display":"","ast-hfb-above-header-display":"","ast-hfb-below-header-display":"","ast-hfb-mobile-header-display":"","site-post-title":"disabled","ast-breadcrumbs-content":"","ast-featured-img":"","footer-sml-layout":"","ast-disable-related-posts":"","theme-transparent-header-meta":"","adv-header-id-meta":"","stick-header-meta":"","header-above-stick-meta":"","header-main-stick-meta":"","header-below-stick-meta":"","astra-migrate-meta-layouts":"default","ast-page-background-enabled":"default","ast-page-background-meta":{"desktop":{"background-color":"var(--ast-global-color-4)","background-image":"","background-repeat":"repeat","background-position":"center center","background-size":"auto","background-attachment":"scroll","background-type":"","background-media":"","overlay-type":"","overlay-color":"","overlay-opacity":"","overlay-gradient":""},"tablet":{"background-color":"","background-image":"","background-repeat":"repeat","background-position":"center center","background-size":"auto","background-attachment":"scroll","background-type":"","background-media":"","overlay-type":"","overlay-color":"","overlay-opacity":"","overlay-gradient":""},"mobile":{"background-color":"","background-image":"","background-repeat":"repeat","background-position":"center center","background-size":"auto","background-attachment":"scroll","background-type":"","background-media":"","overlay-type":"","overlay-color":"","overlay-opacity":"","overlay-gradient":""}},"ast-content-background-meta":{"desktop":{"background-color":"var(--ast-global-color-5)","background-image":"","background-repeat":"repeat","background-position":"center center","background-size":"auto","background-attachment":"scroll","background-type":"","background-media":"","overlay-type":"","overlay-color":"","overlay-opacity":"","overlay-gradient":""},"tablet":{"background-color":"var(--ast-global-color-5)","background-image":"","background-repeat":"repeat","background-position":"center center","background-size":"auto","background-attachment":"scroll","background-type":"","background-media":"","overlay-type":"","overlay-color":"","overlay-opacity":"","overlay-gradient":""},"mobile":{"background-color":"var(--ast-global-color-5)","background-image":"","background-repeat":"repeat","background-position":"center center","background-size":"auto","background-attachment":"scroll","background-type":"","background-media":"","overlay-type":"","overlay-color":"","overlay-opacity":"","overlay-gradient":""}},"footnotes":""},"class_list":["post-3","page","type-page","status-publish","hentry"],"yoast_head":"<!-- This site is optimized with the Yoast SEO plugin v27.4 - https:\/\/yoast.com\/product\/yoast-seo-wordpress\/ -->\n<title>| Datenschutzerkl\u00e4rung - WATSU\u00ae - Sanfte Bewegung f\u00fcr K\u00f6rper und Seele<\/title>\n<meta name=\"robots\" content=\"index, follow, max-snippet:-1, max-image-preview:large, max-video-preview:-1\" \/>\n<link rel=\"canonical\" href=\"https:\/\/watsu-bettinaaumayr.at\/?page_id=3\" \/>\n<meta property=\"og:locale\" content=\"de_DE\" \/>\n<meta property=\"og:type\" content=\"article\" \/>\n<meta property=\"og:title\" content=\"| Datenschutzerkl\u00e4rung - WATSU\u00ae - Sanfte Bewegung f\u00fcr K\u00f6rper und Seele\" \/>\n<meta property=\"og:description\" content=\"Datenschutzerkl\u00e4rung Datenschutzerkl\u00e4rung 1. Einleitung Wir freuen uns, dass Sie unsere Website watsu-bettinaaumayr.at besuchen. Der Schutz Ihrer pers\u00f6nlichen Daten ist uns [&hellip;]\" \/>\n<meta property=\"og:url\" content=\"https:\/\/watsu-bettinaaumayr.at\/?page_id=3\" \/>\n<meta property=\"og:site_name\" content=\"WATSU\u00ae - Sanfte Bewegung f\u00fcr K\u00f6rper und Seele\" \/>\n<meta property=\"article:modified_time\" content=\"2024-11-04T20:13:23+00:00\" \/>\n<meta name=\"twitter:card\" content=\"summary_large_image\" \/>\n<meta name=\"twitter:label1\" content=\"Gesch\u00e4tzte Lesezeit\" \/>\n\t<meta name=\"twitter:data1\" content=\"2\u00a0Minuten\" \/>\n<script type=\"application\/ld+json\" class=\"yoast-schema-graph\">{\"@context\":\"https:\\\/\\\/schema.org\",\"@graph\":[{\"@type\":\"WebPage\",\"@id\":\"https:\\\/\\\/watsu-bettinaaumayr.at\\\/?page_id=3\",\"url\":\"https:\\\/\\\/watsu-bettinaaumayr.at\\\/?page_id=3\",\"name\":\"| Datenschutzerkl\u00e4rung - WATSU\u00ae - Sanfte Bewegung f\u00fcr K\u00f6rper und Seele\",\"isPartOf\":{\"@id\":\"https:\\\/\\\/watsu-bettinaaumayr.at\\\/#website\"},\"datePublished\":\"2024-08-16T13:46:21+00:00\",\"dateModified\":\"2024-11-04T20:13:23+00:00\",\"breadcrumb\":{\"@id\":\"https:\\\/\\\/watsu-bettinaaumayr.at\\\/?page_id=3#breadcrumb\"},\"inLanguage\":\"de\",\"potentialAction\":[{\"@type\":\"ReadAction\",\"target\":[\"https:\\\/\\\/watsu-bettinaaumayr.at\\\/?page_id=3\"]}]},{\"@type\":\"BreadcrumbList\",\"@id\":\"https:\\\/\\\/watsu-bettinaaumayr.at\\\/?page_id=3#breadcrumb\",\"itemListElement\":[{\"@type\":\"ListItem\",\"position\":1,\"name\":\"Startseite\",\"item\":\"https:\\\/\\\/watsu-bettinaaumayr.at\\\/\"},{\"@type\":\"ListItem\",\"position\":2,\"name\":\"| Datenschutzerkl\u00e4rung\"}]},{\"@type\":\"WebSite\",\"@id\":\"https:\\\/\\\/watsu-bettinaaumayr.at\\\/#website\",\"url\":\"https:\\\/\\\/watsu-bettinaaumayr.at\\\/\",\"name\":\"Wassershiatsu - Sanfte Bewegung f\u00fcr K\u00f6rper und Seele\",\"description\":\"\",\"publisher\":{\"@id\":\"https:\\\/\\\/watsu-bettinaaumayr.at\\\/#\\\/schema\\\/person\\\/30aa4f42d4bcad7f0e6cc479d9e37d7b\"},\"potentialAction\":[{\"@type\":\"SearchAction\",\"target\":{\"@type\":\"EntryPoint\",\"urlTemplate\":\"https:\\\/\\\/watsu-bettinaaumayr.at\\\/?s={search_term_string}\"},\"query-input\":{\"@type\":\"PropertyValueSpecification\",\"valueRequired\":true,\"valueName\":\"search_term_string\"}}],\"inLanguage\":\"de\"},{\"@type\":[\"Person\",\"Organization\"],\"@id\":\"https:\\\/\\\/watsu-bettinaaumayr.at\\\/#\\\/schema\\\/person\\\/30aa4f42d4bcad7f0e6cc479d9e37d7b\",\"name\":\"admin\",\"image\":{\"@type\":\"ImageObject\",\"inLanguage\":\"de\",\"@id\":\"https:\\\/\\\/watsu-bettinaaumayr.at\\\/wp-content\\\/uploads\\\/2024\\\/10\\\/fertigLogo_final-05.png\",\"url\":\"https:\\\/\\\/watsu-bettinaaumayr.at\\\/wp-content\\\/uploads\\\/2024\\\/10\\\/fertigLogo_final-05.png\",\"contentUrl\":\"https:\\\/\\\/watsu-bettinaaumayr.at\\\/wp-content\\\/uploads\\\/2024\\\/10\\\/fertigLogo_final-05.png\",\"width\":522,\"height\":582,\"caption\":\"admin\"},\"logo\":{\"@id\":\"https:\\\/\\\/watsu-bettinaaumayr.at\\\/wp-content\\\/uploads\\\/2024\\\/10\\\/fertigLogo_final-05.png\"},\"sameAs\":[\"https:\\\/\\\/watsu-bettinaaumayr.at\"]}]}<\/script>\n<!-- \/ Yoast SEO plugin. -->","yoast_head_json":{"title":"| Datenschutzerkl\u00e4rung - WATSU\u00ae - Sanfte Bewegung f\u00fcr K\u00f6rper und Seele","robots":{"index":"index","follow":"follow","max-snippet":"max-snippet:-1","max-image-preview":"max-image-preview:large","max-video-preview":"max-video-preview:-1"},"canonical":"https:\/\/watsu-bettinaaumayr.at\/?page_id=3","og_locale":"de_DE","og_type":"article","og_title":"| Datenschutzerkl\u00e4rung - WATSU\u00ae - Sanfte Bewegung f\u00fcr K\u00f6rper und Seele","og_description":"Datenschutzerkl\u00e4rung Datenschutzerkl\u00e4rung 1. Einleitung Wir freuen uns, dass Sie unsere Website watsu-bettinaaumayr.at besuchen. Der Schutz Ihrer pers\u00f6nlichen Daten ist uns [&hellip;]","og_url":"https:\/\/watsu-bettinaaumayr.at\/?page_id=3","og_site_name":"WATSU\u00ae - Sanfte Bewegung f\u00fcr K\u00f6rper und Seele","article_modified_time":"2024-11-04T20:13:23+00:00","twitter_card":"summary_large_image","twitter_misc":{"Gesch\u00e4tzte Lesezeit":"2\u00a0Minuten"},"schema":{"@context":"https:\/\/schema.org","@graph":[{"@type":"WebPage","@id":"https:\/\/watsu-bettinaaumayr.at\/?page_id=3","url":"https:\/\/watsu-bettinaaumayr.at\/?page_id=3","name":"| Datenschutzerkl\u00e4rung - WATSU\u00ae - Sanfte Bewegung f\u00fcr K\u00f6rper und Seele","isPartOf":{"@id":"https:\/\/watsu-bettinaaumayr.at\/#website"},"datePublished":"2024-08-16T13:46:21+00:00","dateModified":"2024-11-04T20:13:23+00:00","breadcrumb":{"@id":"https:\/\/watsu-bettinaaumayr.at\/?page_id=3#breadcrumb"},"inLanguage":"de","potentialAction":[{"@type":"ReadAction","target":["https:\/\/watsu-bettinaaumayr.at\/?page_id=3"]}]},{"@type":"BreadcrumbList","@id":"https:\/\/watsu-bettinaaumayr.at\/?page_id=3#breadcrumb","itemListElement":[{"@type":"ListItem","position":1,"name":"Startseite","item":"https:\/\/watsu-bettinaaumayr.at\/"},{"@type":"ListItem","position":2,"name":"| Datenschutzerkl\u00e4rung"}]},{"@type":"WebSite","@id":"https:\/\/watsu-bettinaaumayr.at\/#website","url":"https:\/\/watsu-bettinaaumayr.at\/","name":"Wassershiatsu - Sanfte Bewegung f\u00fcr K\u00f6rper und Seele","description":"","publisher":{"@id":"https:\/\/watsu-bettinaaumayr.at\/#\/schema\/person\/30aa4f42d4bcad7f0e6cc479d9e37d7b"},"potentialAction":[{"@type":"SearchAction","target":{"@type":"EntryPoint","urlTemplate":"https:\/\/watsu-bettinaaumayr.at\/?s={search_term_string}"},"query-input":{"@type":"PropertyValueSpecification","valueRequired":true,"valueName":"search_term_string"}}],"inLanguage":"de"},{"@type":["Person","Organization"],"@id":"https:\/\/watsu-bettinaaumayr.at\/#\/schema\/person\/30aa4f42d4bcad7f0e6cc479d9e37d7b","name":"admin","image":{"@type":"ImageObject","inLanguage":"de","@id":"https:\/\/watsu-bettinaaumayr.at\/wp-content\/uploads\/2024\/10\/fertigLogo_final-05.png","url":"https:\/\/watsu-bettinaaumayr.at\/wp-content\/uploads\/2024\/10\/fertigLogo_final-05.png","contentUrl":"https:\/\/watsu-bettinaaumayr.at\/wp-content\/uploads\/2024\/10\/fertigLogo_final-05.png","width":522,"height":582,"caption":"admin"},"logo":{"@id":"https:\/\/watsu-bettinaaumayr.at\/wp-content\/uploads\/2024\/10\/fertigLogo_final-05.png"},"sameAs":["https:\/\/watsu-bettinaaumayr.at"]}]}},"uagb_featured_image_src":{"full":false,"thumbnail":false,"medium":false,"medium_large":false,"large":false,"1536x1536":false,"2048x2048":false},"uagb_author_info":{"display_name":"admin","author_link":"https:\/\/watsu-bettinaaumayr.at\/?author=1"},"uagb_comment_info":0,"uagb_excerpt":"Datenschutzerkl\u00e4rung Datenschutzerkl\u00e4rung 1. Einleitung Wir freuen uns, dass Sie unsere Website watsu-bettinaaumayr.at besuchen. Der Schutz Ihrer pers\u00f6nlichen Daten ist uns [&hellip;]","_links":{"self":[{"href":"https:\/\/watsu-bettinaaumayr.at\/index.php?rest_route=\/wp\/v2\/pages\/3","targetHints":{"allow":["GET"]}}],"collection":[{"href":"https:\/\/watsu-bettinaaumayr.at\/index.php?rest_route=\/wp\/v2\/pages"}],"about":[{"href":"https:\/\/watsu-bettinaaumayr.at\/index.php?rest_route=\/wp\/v2\/types\/page"}],"author":[{"embeddable":true,"href":"https:\/\/watsu-bettinaaumayr.at\/index.php?rest_route=\/wp\/v2\/users\/1"}],"replies":[{"embeddable":true,"href":"https:\/\/watsu-bettinaaumayr.at\/index.php?rest_route=%2Fwp%2Fv2%2Fcomments&post=3"}],"version-history":[{"count":19,"href":"https:\/\/watsu-bettinaaumayr.at\/index.php?rest_route=\/wp\/v2\/pages\/3\/revisions"}],"predecessor-version":[{"id":1941,"href":"https:\/\/watsu-bettinaaumayr.at\/index.php?rest_route=\/wp\/v2\/pages\/3\/revisions\/1941"}],"wp:attachment":[{"href":"https:\/\/watsu-bettinaaumayr.at\/index.php?rest_route=%2Fwp%2Fv2%2Fmedia&parent=3"}],"curies":[{"name":"wp","href":"https:\/\/api.w.org\/{rel}","templated":true}]}}